{"id":43,"date":"2014-01-22T08:50:49","date_gmt":"2014-01-22T07:50:49","guid":{"rendered":"http:\/\/www.spyderworks.de\/site2\/?page_id=43"},"modified":"2026-01-18T15:33:14","modified_gmt":"2026-01-18T14:33:14","slug":"home","status":"publish","type":"page","link":"http:\/\/www.rv-ausdauersport.de\/","title":{"rendered":"Herzlich Willkommen"},"content":{"rendered":"\n\n<p>Die Lauf- und Triathlonabteilung&nbsp;des RV Viktoria Wombach stellt sich vor. Wir berichten hier \u00fcber Wettk\u00e4mpfe, unser Training, &nbsp;bieten Interessierten Informationen \u00fcber&nbsp;die Sportarten in unserem Verein und zu den Veranstaltungen, die wir in unserer Abteilung organisieren.<\/p>\n<p>Zur Internetseite des <strong>Hauptvereins<\/strong> geht es hier: <a title=\"www.rv-womach.de\" href=\"http:\/\/www.rv-wombach.de\" target=\"_blank\" rel=\"noopener noreferrer\"><span style=\"color: #0000ff;\">http:\/\/www.rv-wombach.de<\/span><\/a><\/p>\n<h1 style=\"text-align: center;\">&nbsp;<\/h1>\n<h2 style=\"text-align: center;\"><span style=\"text-decoration: underline;\"><span style=\"color: #ff0000; text-decoration: underline;\">INFO<\/span><\/span><\/h2>\n<h3 style=\"text-align: center;\"><strong><span style=\"color: #ff0000;\">Neue Berichte unserer Aktivit\u00e4ten sind bis auf weiteres unter dem Reiter NEWS zu finden.<\/span><\/strong><\/h3>\n<h1 style=\"text-align: center;\"><span style=\"color: #ff00ff;\"><em><strong>SAVE THE DATE &#8211; SAVE THE DATE &#8211; SAVE THE DATE<\/strong><\/em><\/span><\/h1>\n<h1 style=\"text-align: center;\"><span style=\"color: #339966;\">Der 22. Raiba Altstadtlauf findet am <\/span><\/h1>\n<h1 style=\"text-align: center;\"><span style=\"color: #339966;\">17.05.2026 statt&nbsp;<\/span><\/h1>\n<h2 style=\"text-align: center;\">&nbsp;<\/h2>\n<h3 style=\"text-align: center;\"><a title=\"Altstadtlauf\" href=\"http:\/\/www.raiba-altstadtlauf.de\" target=\"_blank\" rel=\"noopener noreferrer\"><u><span style=\"color: #0066cc;\"><span style=\"color: #0000ff;\">http:\/\/www.raiba-altstadtlauf.de<\/span><\/span><\/u><\/a><\/h3>\n<p><strong>Trainingszeiten:&nbsp;<\/strong><\/p>\n<table style=\"width: 1024px;\">\n<tbody>\n<tr style=\"height: 18px;\">\n<td style=\"width: 97.63px; height: 18px;\">&nbsp;<\/td>\n<td style=\"width: 66.37px; height: 18px;\">Uhrzeit<\/td>\n<td style=\"width: 201px; height: 18px;\">Hinweise<\/td>\n<td style=\"width: 117px; height: 18px;\">Treffpunkt<\/td>\n<td style=\"width: 451px; height: 18px;\">Ansprechpartner<\/td>\n<\/tr>\n<tr style=\"height: 36px;\">\n<td style=\"width: 97.63px; height: 36px;\">&nbsp;<\/td>\n<td style=\"width: 66.37px; height: 36px;\">19:00<\/td>\n<td style=\"width: 201px; height: 36px;\">lockerer Lauf , 10 bis 12 km<br>bei Bedarf k\u00fcrzere Strecken, auch f\u00fcr Anf\u00e4nger<\/td>\n<td style=\"width: 117px; height: 36px;\">Kl\u00f6\u00dfkopfbrunnen Wombach<\/td>\n<td style=\"width: 451px; height: 36px;\">Telja Noerskau, 09352\/602655<br>Thomas Schmitt, 0151\/61402353<\/td>\n<\/tr>\n<\/tbody>\n<\/table>\n<p>&nbsp;<\/p>\n<p><strong>&nbsp;<\/strong><\/p>\n<p><strong>&nbsp;<\/strong><\/p>\n\n\n\n<div style=\"padding-bottom:20px; padding-top:10px;\" class=\"hupso-share-buttons\"><!-- Hupso Share Buttons - http:\/\/www.hupso.com\/share\/ --><a class=\"hupso_toolbar\" href=\"http:\/\/www.hupso.com\/share\/\"><img src=\"http:\/\/static.hupso.com\/share\/buttons\/share-medium.png\" style=\"border:0px; padding-top:5px; float:left;\" alt=\"Share Button\"\/><\/a><script type=\"text\/javascript\">var hupso_services_t=new Array(\"Twitter\",\"Facebook\",\"Google Plus\",\"Email\");var hupso_background_t=\"#EAF4FF\";var hupso_border_t=\"#66CCFF\";var hupso_toolbar_size_t=\"medium\";var hupso_image_folder_url = \"\";var hupso_url_t=\"\";var hupso_title_t=\"Herzlich Willkommen\";<\/script><script type=\"text\/javascript\" src=\"http:\/\/static.hupso.com\/share\/js\/share_toolbar.js\"><\/script><!-- Hupso Share Buttons --><\/div>","protected":false},"excerpt":{"rendered":"<p>Die Lauf- und Triathlonabteilung&nbsp;des RV Viktoria Wombach stellt sich vor. Wir berichten hier \u00fcber Wettk\u00e4mpfe, unser Training, &nbsp;bieten Interessierten Informationen \u00fcber&nbsp;die Sportarten in unserem Verein und zu den Veranstaltungen, die wir in unserer Abteilung organisieren. Zur Internetseite des Hauptvereins geht es hier: http:\/\/www.rv-wombach.de &nbsp; INFO Neue Berichte unserer Aktivit\u00e4ten sind bis auf weiteres unter dem &hellip; <a href=\"http:\/\/www.rv-ausdauersport.de\/\" class=\"more-link\"><span class=\"screen-reader-text\">Herzlich Willkommen<\/span> weiterlesen <span class=\"meta-nav\">&rarr;<\/span><\/a><\/p>\n","protected":false},"author":1,"featured_media":0,"parent":0,"menu_order":0,"comment_status":"closed","ping_status":"open","template":"","meta":{"ngg_post_thumbnail":0},"_links":{"self":[{"href":"http:\/\/www.rv-ausdauersport.de\/index.php?rest_route=\/wp\/v2\/pages\/43"}],"collection":[{"href":"http:\/\/www.rv-ausdauersport.de\/index.php?rest_route=\/wp\/v2\/pages"}],"about":[{"href":"http:\/\/www.rv-ausdauersport.de\/index.php?rest_route=\/wp\/v2\/types\/page"}],"author":[{"embeddable":true,"href":"http:\/\/www.rv-ausdauersport.de\/index.php?rest_route=\/wp\/v2\/users\/1"}],"replies":[{"embeddable":true,"href":"http:\/\/www.rv-ausdauersport.de\/index.php?rest_route=%2Fwp%2Fv2%2Fcomments&post=43"}],"version-history":[{"count":147,"href":"http:\/\/www.rv-ausdauersport.de\/index.php?rest_route=\/wp\/v2\/pages\/43\/revisions"}],"predecessor-version":[{"id":6820,"href":"http:\/\/www.rv-ausdauersport.de\/index.php?rest_route=\/wp\/v2\/pages\/43\/revisions\/6820"}],"wp:attachment":[{"href":"http:\/\/www.rv-ausdauersport.de\/index.php?rest_route=%2Fwp%2Fv2%2Fmedia&parent=43"}],"curies":[{"name":"wp","href":"https:\/\/api.w.org\/{rel}","templated":true}]}}